{"id":397,"date":"2025-01-23T21:50:44","date_gmt":"2025-01-23T18:50:44","guid":{"rendered":"https:\/\/silvafun.ro\/?page_id=397"},"modified":"2026-04-15T10:04:38","modified_gmt":"2026-04-15T07:04:38","slug":"alergarecopii","status":"publish","type":"page","link":"https:\/\/silvafun.ro\/ro\/runtothehills\/alergarecopii\/","title":{"rendered":"Curs de alergare pentru copii"},"content":{"rendered":"<p class=\"has-text-align-center has-medium-font-size\"><\/p>\n\n\n\n<figure class=\"wp-block-image aligncenter size-full is-resized\"><img loading=\"lazy\" decoding=\"async\" width=\"674\" height=\"579\" src=\"https:\/\/silvafun.ro\/wp-content\/uploads\/2025\/01\/image-2.png\" alt=\"\" class=\"wp-image-400\" style=\"width:271px;height:auto\" srcset=\"https:\/\/silvafun.ro\/wp-content\/uploads\/2025\/01\/image-2.png 674w, https:\/\/silvafun.ro\/wp-content\/uploads\/2025\/01\/image-2-300x258.png 300w, https:\/\/silvafun.ro\/wp-content\/uploads\/2025\/01\/image-2-14x12.png 14w\" sizes=\"auto, (max-width: 674px) 100vw, 674px\" \/><\/figure>\n\n\n\n<p class=\"has-text-align-center has-medium-font-size\"><strong>Hai s\u0103 ne mi\u0219c\u0103m, copii!<\/strong><\/p>\n\n\n\n<p class=\"has-text-align-center has-medium-font-size\">Alergarea nu este doar distractiv\u0103, ci \u0219i s\u0103n\u0103toas\u0103! Te invit\u0103m la o aventur\u0103 \u00een aer liber, unde po\u021bi s\u0103-\u021bi faci prieteni noi \u0219i s\u0103 devii mai puternic. Nu trebuie s\u0103 fii cel mai rapid, important este s\u0103 te sim\u021bi bine. \u00censcrie-te f\u0103c\u00e2nd clic pe butonul de mai jos!<\/p>\n\n\n\n<div class=\"wp-block-buttons is-content-justification-center is-layout-flex wp-container-core-buttons-is-layout-a89b3969 wp-block-buttons-is-layout-flex\">\n<div class=\"wp-block-button\"><a class=\"wp-block-button__link wp-element-button\" href=\"https:\/\/my-run.ro\/race-pay\/?contestId=318\">Aplic\u0103 aici!<\/a><\/div>\n<\/div>\n\n\n\n<p><\/p>\n\n\n<div class=\"trp-block-container\"><div class=\"trp_language_switcher_shortcode\">\n<div class=\"trp-language-switcher trp-language-switcher-container\" data-no-translation>\n    <div class=\"trp-ls-shortcode-current-language\">\n        <a href=\"#\" class=\"trp-ls-shortcode-disabled-language trp-ls-disabled-language\" title=\"Romanian\" onclick=\"event.preventDefault()\">\n\t\t\t<img loading=\"lazy\" decoding=\"async\" class=\"trp-flag-image\" src=\"https:\/\/silvafun.ro\/wp-content\/plugins\/translatepress-multilingual\/assets\/images\/flags\/ro_RO.png\" width=\"18\" height=\"12\" alt=\"ro_RO\" title=\"Romanian\"> Romanian\t\t<\/a>\n    <\/div>\n    <div class=\"trp-ls-shortcode-language\">\n                <a href=\"#\" class=\"trp-ls-shortcode-disabled-language trp-ls-disabled-language\"  title=\"Romanian\" onclick=\"event.preventDefault()\">\n\t\t\t<img loading=\"lazy\" decoding=\"async\" class=\"trp-flag-image\" src=\"https:\/\/silvafun.ro\/wp-content\/plugins\/translatepress-multilingual\/assets\/images\/flags\/ro_RO.png\" width=\"18\" height=\"12\" alt=\"ro_RO\" title=\"Romanian\"> Romanian\t\t<\/a>\n                    <a href=\"https:\/\/silvafun.ro\/ro\/wp-json\/wp\/v2\/pages\/397\" title=\"Hungarian\">\n            <img loading=\"lazy\" decoding=\"async\" class=\"trp-flag-image\" src=\"https:\/\/silvafun.ro\/wp-content\/plugins\/translatepress-multilingual\/assets\/images\/flags\/hu_HU.png\" width=\"18\" height=\"12\" alt=\"hu_HU\" title=\"Hungarian\"> Hungarian        <\/a>\n\n        <\/div>\n    <script type=\"application\/javascript\">\n        \/\/ need to have the same with set from JS on both divs. Otherwise it can push stuff around in HTML\n        var trp_ls_shortcodes = document.querySelectorAll('.trp_language_switcher_shortcode .trp-language-switcher');\n        if ( trp_ls_shortcodes.length > 0) {\n            \/\/ get the last language switcher added\n            var trp_el = trp_ls_shortcodes[trp_ls_shortcodes.length - 1];\n\n            var trp_shortcode_language_item = trp_el.querySelector( '.trp-ls-shortcode-language' )\n            \/\/ set width\n            var trp_ls_shortcode_width                                               = trp_shortcode_language_item.offsetWidth + 16;\n            trp_shortcode_language_item.style.width                                  = trp_ls_shortcode_width + 'px';\n            trp_el.querySelector( '.trp-ls-shortcode-current-language' ).style.width = trp_ls_shortcode_width + 'px';\n\n            \/\/ We're putting this on display: none after we have its width.\n            trp_shortcode_language_item.style.display = 'none';\n        }\n    <\/script>\n<\/div>\n<\/div><\/div>\n\n\n<p><\/p>\n\n\n\n<p><\/p>","protected":false},"excerpt":{"rendered":"<p>Mozg\u00e1sra fel, gyerekek! Futni nemcsak sz\u00f3rakoztat\u00f3, hanem eg\u00e9szs\u00e9ges is! Egy kalandos fut\u00e1sra h\u00edv\u00fank a friss leveg\u0151n, ahol \u00faj bar\u00e1tokat szerezhetsz, er\u0151sebb\u00e9 v\u00e1lhatsz. Nem kell a leggyorsabbnak lenned, a l\u00e9nyeg, hogy j\u00f3l \u00e9rezd magad. Jelentkezz a lenti gombra kattintva!<\/p>","protected":false},"author":1,"featured_media":0,"parent":332,"menu_order":0,"comment_status":"closed","ping_status":"closed","template":"","meta":{"footnotes":""},"class_list":["post-397","page","type-page","status-publish","hentry"],"featured_media_urls":[],"_links":{"self":[{"href":"https:\/\/silvafun.ro\/ro\/wp-json\/wp\/v2\/pages\/397","targetHints":{"allow":["GET"]}}],"collection":[{"href":"https:\/\/silvafun.ro\/ro\/wp-json\/wp\/v2\/pages"}],"about":[{"href":"https:\/\/silvafun.ro\/ro\/wp-json\/wp\/v2\/types\/page"}],"author":[{"embeddable":true,"href":"https:\/\/silvafun.ro\/ro\/wp-json\/wp\/v2\/users\/1"}],"replies":[{"embeddable":true,"href":"https:\/\/silvafun.ro\/ro\/wp-json\/wp\/v2\/comments?post=397"}],"version-history":[{"count":0,"href":"https:\/\/silvafun.ro\/ro\/wp-json\/wp\/v2\/pages\/397\/revisions"}],"up":[{"embeddable":true,"href":"https:\/\/silvafun.ro\/ro\/wp-json\/wp\/v2\/pages\/332"}],"wp:attachment":[{"href":"https:\/\/silvafun.ro\/ro\/wp-json\/wp\/v2\/media?parent=397"}],"curies":[{"name":"wp","href":"https:\/\/api.w.org\/{rel}","templated":true}]}}