{"id":388,"date":"2025-01-23T21:21:39","date_gmt":"2025-01-23T18:21:39","guid":{"rendered":"https:\/\/silvafun.ro\/?page_id=388"},"modified":"2026-04-15T10:07:28","modified_gmt":"2026-04-15T07:07:28","slug":"voluntari","status":"publish","type":"page","link":"https:\/\/silvafun.ro\/ro\/runtothehills\/voluntari\/","title":{"rendered":"Voluntari"},"content":{"rendered":"<figure class=\"wp-block-image aligncenter size-full is-resized\"><img loading=\"lazy\" decoding=\"async\" width=\"674\" height=\"579\" src=\"https:\/\/silvafun.ro\/wp-content\/uploads\/2025\/01\/image.png\" alt=\"\" class=\"wp-image-393\" style=\"width:222px;height:auto\" srcset=\"https:\/\/silvafun.ro\/wp-content\/uploads\/2025\/01\/image.png 674w, https:\/\/silvafun.ro\/wp-content\/uploads\/2025\/01\/image-300x258.png 300w, https:\/\/silvafun.ro\/wp-content\/uploads\/2025\/01\/image-14x12.png 14w\" sizes=\"auto, (max-width: 674px) 100vw, 674px\" \/><\/figure>\n\n\n\n<p class=\"has-text-align-center\">L\u00e9gy r\u00e9szese a 2026-\u00f6s Run to the Hills \u00e9lm\u00e9ny\u00e9nek \u00f6nk\u00e9ntesk\u00e9nt!<\/p>\n\n\n\n<p class=\"has-text-align-center\">Al\u0103tur\u0103-te nou\u0103 \u0219i ajut\u0103-ne s\u0103 transform\u0103m acest eveniment \u00eentr-o experien\u021b\u0103 de neuitat pentru to\u021bi participan\u021bii! Fii \u0219i tu motorul acelei comunit\u0103\u021bi care une\u0219te sportul, natura \u0219i pasiunea pentru oameni.<\/p>\n\n\n\n<p class=\"has-text-align-center\">Ce \u00ee\u021bi oferim?<\/p>\n\n\n\n<p class=\"has-text-align-center\">Tricou de voluntar personalizat.<br>O experien\u021b\u0103 de neuitat.<br>Colaborare \u00eentr-o echip\u0103 inspira\u021bional\u0103.<br>O privire special\u0103 \u00een culisele evenimentului.<\/p>\n\n\n\n<p class=\"has-text-align-center\">Cum te putem implica?<\/p>\n\n\n\n<p class=\"has-text-align-center\">Ghidarea \u0219i sprijinirea participan\u021bilor.<br>Participarea la gestionarea punctelor de revitalizare.<br>Asisten\u021b\u0103 \u00een sarcinile logistice \u0219i organizatorice.<\/p>\n\n\n\n<div class=\"wp-block-buttons is-content-justification-center is-layout-flex wp-container-core-buttons-is-layout-a89b3969 wp-block-buttons-is-layout-flex\">\n<div class=\"wp-block-button\"><a class=\"wp-block-button__link has-text-align-center wp-element-button\" href=\"https:\/\/forms.gle\/4YDKmeMUYb6ayUvC7\">Aplic\u0103 aici!<\/a><\/div>\n<\/div>\n\n\n\n<p><\/p>\n\n\n<div class=\"trp-block-container\"><div class=\"trp_language_switcher_shortcode\">\n<div class=\"trp-language-switcher trp-language-switcher-container\" data-no-translation>\n    <div class=\"trp-ls-shortcode-current-language\">\n        <a href=\"#\" class=\"trp-ls-shortcode-disabled-language trp-ls-disabled-language\" title=\"Romanian\" onclick=\"event.preventDefault()\">\n\t\t\t<img loading=\"lazy\" decoding=\"async\" class=\"trp-flag-image\" src=\"https:\/\/silvafun.ro\/wp-content\/plugins\/translatepress-multilingual\/assets\/images\/flags\/ro_RO.png\" width=\"18\" height=\"12\" alt=\"ro_RO\" title=\"Romanian\"> Romanian\t\t<\/a>\n    <\/div>\n    <div class=\"trp-ls-shortcode-language\">\n                <a href=\"#\" class=\"trp-ls-shortcode-disabled-language trp-ls-disabled-language\"  title=\"Romanian\" onclick=\"event.preventDefault()\">\n\t\t\t<img loading=\"lazy\" decoding=\"async\" class=\"trp-flag-image\" src=\"https:\/\/silvafun.ro\/wp-content\/plugins\/translatepress-multilingual\/assets\/images\/flags\/ro_RO.png\" width=\"18\" height=\"12\" alt=\"ro_RO\" title=\"Romanian\"> Romanian\t\t<\/a>\n                    <a href=\"https:\/\/silvafun.ro\/ro\/wp-json\/wp\/v2\/pages\/388\" title=\"Hungarian\">\n            <img loading=\"lazy\" decoding=\"async\" class=\"trp-flag-image\" src=\"https:\/\/silvafun.ro\/wp-content\/plugins\/translatepress-multilingual\/assets\/images\/flags\/hu_HU.png\" width=\"18\" height=\"12\" alt=\"hu_HU\" title=\"Hungarian\"> Hungarian        <\/a>\n\n        <\/div>\n    <script type=\"application\/javascript\">\n        \/\/ need to have the same with set from JS on both divs. Otherwise it can push stuff around in HTML\n        var trp_ls_shortcodes = document.querySelectorAll('.trp_language_switcher_shortcode .trp-language-switcher');\n        if ( trp_ls_shortcodes.length > 0) {\n            \/\/ get the last language switcher added\n            var trp_el = trp_ls_shortcodes[trp_ls_shortcodes.length - 1];\n\n            var trp_shortcode_language_item = trp_el.querySelector( '.trp-ls-shortcode-language' )\n            \/\/ set width\n            var trp_ls_shortcode_width                                               = trp_shortcode_language_item.offsetWidth + 16;\n            trp_shortcode_language_item.style.width                                  = trp_ls_shortcode_width + 'px';\n            trp_el.querySelector( '.trp-ls-shortcode-current-language' ).style.width = trp_ls_shortcode_width + 'px';\n\n            \/\/ We're putting this on display: none after we have its width.\n            trp_shortcode_language_item.style.display = 'none';\n        }\n    <\/script>\n<\/div>\n<\/div><\/div>\n\n\n<p><\/p>","protected":false},"excerpt":{"rendered":"<p>L\u00e9gy r\u00e9szese a 2026-\u00f6s Run to the Hills \u00e9lm\u00e9ny\u00e9nek \u00f6nk\u00e9ntesk\u00e9nt! Csatlakozz hozz\u00e1nk, \u00e9s seg\u00edts abban, hogy ez az esem\u00e9ny felejthetetlen \u00e9lm\u00e9ny legyen minden r\u00e9sztvev\u0151 sz\u00e1m\u00e1ra! Legy\u00e9l te is annak k\u00f6z\u00f6ss\u00e9gnek a motorja, amely \u00f6sszekapcsolja a sportot, a term\u00e9szetet \u00e9s az emberek ir\u00e1nti szenved\u00e9lyt. Mit ny\u00fajtunk neked? Egyedi \u00f6nk\u00e9ntes p\u00f3l\u00f3t.Egy \u00e9letre sz\u00f3l\u00f3 \u00e9lm\u00e9nyt.K\u00f6z\u00f6s munka lehet\u0151s\u00e9g\u00e9t egy &hellip; <\/p>\n<p class=\"link-more\"><a href=\"https:\/\/silvafun.ro\/ro\/runtothehills\/voluntari\/\" class=\"more-link\">Cite\u0219te mai multe<span class=\"screen-reader-text\">\u201e\u00d6nk\u00e9ntesek\u201d<\/span><\/a><\/p>","protected":false},"author":1,"featured_media":0,"parent":332,"menu_order":0,"comment_status":"closed","ping_status":"closed","template":"","meta":{"footnotes":""},"class_list":["post-388","page","type-page","status-publish","hentry"],"featured_media_urls":[],"_links":{"self":[{"href":"https:\/\/silvafun.ro\/ro\/wp-json\/wp\/v2\/pages\/388","targetHints":{"allow":["GET"]}}],"collection":[{"href":"https:\/\/silvafun.ro\/ro\/wp-json\/wp\/v2\/pages"}],"about":[{"href":"https:\/\/silvafun.ro\/ro\/wp-json\/wp\/v2\/types\/page"}],"author":[{"embeddable":true,"href":"https:\/\/silvafun.ro\/ro\/wp-json\/wp\/v2\/users\/1"}],"replies":[{"embeddable":true,"href":"https:\/\/silvafun.ro\/ro\/wp-json\/wp\/v2\/comments?post=388"}],"version-history":[{"count":0,"href":"https:\/\/silvafun.ro\/ro\/wp-json\/wp\/v2\/pages\/388\/revisions"}],"up":[{"embeddable":true,"href":"https:\/\/silvafun.ro\/ro\/wp-json\/wp\/v2\/pages\/332"}],"wp:attachment":[{"href":"https:\/\/silvafun.ro\/ro\/wp-json\/wp\/v2\/media?parent=388"}],"curies":[{"name":"wp","href":"https:\/\/api.w.org\/{rel}","templated":true}]}}