{"id":285,"date":"2024-12-12T21:37:24","date_gmt":"2024-12-12T18:37:24","guid":{"rendered":"https:\/\/silvafun.ro\/?page_id=285"},"modified":"2024-12-16T11:15:18","modified_gmt":"2024-12-16T08:15:18","slug":"businessforum","status":"publish","type":"page","link":"https:\/\/silvafun.ro\/ro\/businessforum\/","title":{"rendered":"Business Forum"},"content":{"rendered":"<p class=\"has-text-align-center\">A hat\u00e9konys\u00e1g alapk\u00f6ve a szervezetts\u00e9g, ez ugyan\u00fagy igaz egy v\u00e1llalkoz\u00e1sra mint a t\u00e1rsadalom eg\u00e9sz\u00e9re.<br>A Silvafun egyes\u00fclet Silvafun Business Forum n\u00e9ven elind\u00edtja a helyi v\u00e1llalkoz\u00e1sokat egybefog\u00f3 platform szervezet\u00e9t melynek c\u00e9lja, hogy olyan fel\u00fcletet biztos\u00edtson a Kraszn\u00e1n tev\u00e9kenyked\u0151 v\u00e1llalkoz\u00e1soknak mely lehet\u0151s\u00e9get ny\u00fajt a k\u00f6z\u00f6s gondolkod\u00e1sra, k\u00f6z\u00f6s strat\u00e9gia kidolgoz\u00e1s\u00e1ra valamint k\u00f6z\u00f6s \u00e1ll\u00e1spont kialak\u00edt\u00e1s\u00e1ra t\u00e1rsadalmi, szoci\u00e1lis k\u00e9rd\u00e9sekben.<br>K\u00f6z\u00f6s felel\u0151ss\u00e9g\u00fcnk gazdas\u00e1gunk, k\u00f6z\u00f6ss\u00e9g\u00fcnk fejleszt\u00e9se, mert minden t\u00e1rsadalom motorja az ott l\u00e9v\u0151 v\u00e1llalkoz\u00e1sok \u00f6sszess\u00e9ge. Fel\u00fclet\u00fcnket annak rem\u00e9ny\u00e9ben ind\u00edtjuk el, hogy a munk\u00e1nk gy\u00fcm\u00f6lcse egy \u00f6sszehangoltabb gazdas\u00e1g lesz.<br>Amennyiben platformunk tagja szeretn\u00e9l lenni a regisztr\u00e1ci\u00f3s gombra kattintva jelentkezhetsz.<\/p>\n\n\n\n<div class=\"wp-block-buttons is-content-justification-center is-layout-flex wp-container-core-buttons-is-layout-a89b3969 wp-block-buttons-is-layout-flex\">\n<div class=\"wp-block-button\"><a class=\"wp-block-button__link wp-element-button\" href=\"https:\/\/silvafun.ro\/ro\/registration\/\">Regisztr\u00e1ci\u00f3<\/a><\/div>\n<\/div>\n\n\n\n<figure class=\"wp-block-image aligncenter size-medium is-resized\"><img loading=\"lazy\" decoding=\"async\" width=\"300\" height=\"300\" src=\"https:\/\/silvafun.ro\/wp-content\/uploads\/2024\/12\/WhatsApp-Image-2024-12-12-at-20.47.03-300x300.jpeg\" alt=\"\" class=\"wp-image-294\" style=\"object-fit:cover;width:214px;height:auto\" srcset=\"https:\/\/silvafun.ro\/wp-content\/uploads\/2024\/12\/WhatsApp-Image-2024-12-12-at-20.47.03-300x300.jpeg 300w, https:\/\/silvafun.ro\/wp-content\/uploads\/2024\/12\/WhatsApp-Image-2024-12-12-at-20.47.03-1024x1024.jpeg 1024w, https:\/\/silvafun.ro\/wp-content\/uploads\/2024\/12\/WhatsApp-Image-2024-12-12-at-20.47.03-150x150.jpeg 150w, https:\/\/silvafun.ro\/wp-content\/uploads\/2024\/12\/WhatsApp-Image-2024-12-12-at-20.47.03-12x12.jpeg 12w, https:\/\/silvafun.ro\/wp-content\/uploads\/2024\/12\/WhatsApp-Image-2024-12-12-at-20.47.03.jpeg 1200w\" sizes=\"auto, (max-width: 300px) 100vw, 300px\" \/><\/figure>","protected":false},"excerpt":{"rendered":"<p>A hat\u00e9konys\u00e1g alapk\u00f6ve a szervezetts\u00e9g, ez ugyan\u00fagy igaz egy v\u00e1llalkoz\u00e1sra mint a t\u00e1rsadalom eg\u00e9sz\u00e9re.A Silvafun egyes\u00fclet Silvafun Business Forum n\u00e9ven elind\u00edtja a helyi v\u00e1llalkoz\u00e1sokat egybefog\u00f3 platform szervezet\u00e9t melynek c\u00e9lja, hogy olyan fel\u00fcletet biztos\u00edtson a Kraszn\u00e1n tev\u00e9kenyked\u0151 v\u00e1llalkoz\u00e1soknak mely lehet\u0151s\u00e9get ny\u00fajt a k\u00f6z\u00f6s gondolkod\u00e1sra, k\u00f6z\u00f6s strat\u00e9gia kidolgoz\u00e1s\u00e1ra valamint k\u00f6z\u00f6s \u00e1ll\u00e1spont kialak\u00edt\u00e1s\u00e1ra t\u00e1rsadalmi, szoci\u00e1lis k\u00e9rd\u00e9sekben.K\u00f6z\u00f6s felel\u0151ss\u00e9g\u00fcnk gazdas\u00e1gunk, &hellip; <\/p>\n<p class=\"link-more\"><a href=\"https:\/\/silvafun.ro\/ro\/businessforum\/\" class=\"more-link\">Cite\u0219te mai multe<span class=\"screen-reader-text\">\u201eBusiness Forum\u201d<\/span><\/a><\/p>","protected":false},"author":1,"featured_media":0,"parent":0,"menu_order":0,"comment_status":"closed","ping_status":"closed","template":"","meta":{"footnotes":""},"class_list":["post-285","page","type-page","status-publish","hentry"],"featured_media_urls":[],"_links":{"self":[{"href":"https:\/\/silvafun.ro\/ro\/wp-json\/wp\/v2\/pages\/285","targetHints":{"allow":["GET"]}}],"collection":[{"href":"https:\/\/silvafun.ro\/ro\/wp-json\/wp\/v2\/pages"}],"about":[{"href":"https:\/\/silvafun.ro\/ro\/wp-json\/wp\/v2\/types\/page"}],"author":[{"embeddable":true,"href":"https:\/\/silvafun.ro\/ro\/wp-json\/wp\/v2\/users\/1"}],"replies":[{"embeddable":true,"href":"https:\/\/silvafun.ro\/ro\/wp-json\/wp\/v2\/comments?post=285"}],"version-history":[{"count":0,"href":"https:\/\/silvafun.ro\/ro\/wp-json\/wp\/v2\/pages\/285\/revisions"}],"wp:attachment":[{"href":"https:\/\/silvafun.ro\/ro\/wp-json\/wp\/v2\/media?parent=285"}],"curies":[{"name":"wp","href":"https:\/\/api.w.org\/{rel}","templated":true}]}}