{"id":16,"date":"2023-12-14T10:06:07","date_gmt":"2023-12-14T10:06:07","guid":{"rendered":"https:\/\/silvafun.ro\/?page_id=16"},"modified":"2025-04-25T20:21:13","modified_gmt":"2025-04-25T17:21:13","slug":"homepage","status":"publish","type":"page","link":"https:\/\/silvafun.ro\/ro\/","title":{"rendered":"Silvafun"},"content":{"rendered":"<div class=\"wp-block-cover alignfull is-light has-custom-content-position is-position-top-center\" style=\"min-height:835px;aspect-ratio:unset;\"><img loading=\"lazy\" decoding=\"async\" width=\"1600\" height=\"1067\" class=\"wp-block-cover__image-background wp-image-200\" alt=\"\" src=\"https:\/\/silvafun.ro\/wp-content\/uploads\/2024\/05\/crasna_cover-2.jpg\" data-object-fit=\"cover\" srcset=\"https:\/\/silvafun.ro\/wp-content\/uploads\/2024\/05\/crasna_cover-2.jpg 1600w, https:\/\/silvafun.ro\/wp-content\/uploads\/2024\/05\/crasna_cover-2-300x200.jpg 300w, https:\/\/silvafun.ro\/wp-content\/uploads\/2024\/05\/crasna_cover-2-1024x683.jpg 1024w, https:\/\/silvafun.ro\/wp-content\/uploads\/2024\/05\/crasna_cover-2-600x400.jpg 600w, https:\/\/silvafun.ro\/wp-content\/uploads\/2024\/05\/crasna_cover-2-1200x800.jpg 1200w, https:\/\/silvafun.ro\/wp-content\/uploads\/2024\/05\/crasna_cover-2-18x12.jpg 18w\" sizes=\"auto, (max-width: 1600px) 100vw, 1600px\" \/><span aria-hidden=\"true\" class=\"wp-block-cover__background has-background-dim-20 has-background-dim\" style=\"background-color:#5e6150\"><\/span><div class=\"wp-block-cover__inner-container has-global-padding is-layout-constrained wp-block-cover-is-layout-constrained\">\n<p><br><\/p>\n\n\n\n<div class=\"wp-block-group alignwide has-global-padding is-layout-constrained wp-block-group-is-layout-constrained\">\n<div class=\"wp-block-group alignfull has-global-padding is-layout-constrained wp-block-group-is-layout-constrained\">\n<p class=\"has-text-align-center has-white-color has-text-color has-max-60-font-size\" style=\"font-style:normal;font-weight:900;line-height:1.2\">\u00c9p\u00edtj\u00fck \u00e9s felfedezz\u00fck vil\u00e1gunkat!<\/p>\n<\/div>\n<\/div>\n\n\n\n<figure class=\"wp-block-image aligncenter size-large is-resized\"><img loading=\"lazy\" decoding=\"async\" width=\"792\" height=\"1024\" src=\"https:\/\/silvafun.ro\/wp-content\/uploads\/2024\/05\/logo-silvafun-vertical-white@5x-792x1024.png\" alt=\"\" class=\"wp-image-193\" style=\"width:456px;height:auto\" srcset=\"https:\/\/silvafun.ro\/wp-content\/uploads\/2024\/05\/logo-silvafun-vertical-white@5x-792x1024.png 792w, https:\/\/silvafun.ro\/wp-content\/uploads\/2024\/05\/logo-silvafun-vertical-white@5x-232x300.png 232w, https:\/\/silvafun.ro\/wp-content\/uploads\/2024\/05\/logo-silvafun-vertical-white@5x-9x12.png 9w, https:\/\/silvafun.ro\/wp-content\/uploads\/2024\/05\/logo-silvafun-vertical-white@5x.png 1505w\" sizes=\"auto, (max-width: 792px) 100vw, 792px\" \/><\/figure>\n<\/div><\/div>\n\n\n\n<div class=\"wp-block-group has-global-padding is-layout-constrained wp-block-group-is-layout-constrained\">\n<p class=\"has-text-align-center has-medium-font-size\" style=\"letter-spacing:1px\"><strong>TAGFELV\u00c9TEL<\/strong><\/p>\n\n\n\n<div class=\"wp-block-buttons is-content-justification-center is-layout-flex wp-container-core-buttons-is-layout-a89b3969 wp-block-buttons-is-layout-flex\">\n<div class=\"wp-block-button\"><a class=\"wp-block-button__link has-text-align-center wp-element-button\" href=\"https:\/\/forms.gle\/ph8ZTdbJFGrcsDEH6\">Jelentkezz itt<\/a><\/div>\n<\/div>\n\n\n\n<p class=\"has-text-align-center\">Csatlakozn\u00e1l hozz\u00e1nk? T\u00f6ltsd ki az al\u00e1bbi \u0171rlapot!<br>A Silvafun nem csak egy egyes\u00fclet \u2013 hanem egy k\u00f6z\u00f6ss\u00e9g, amely hisz abban, hogy a Kraszna-medence \u00e9rt\u00e9k, \u00e9s \u00e9rdemes \u00e9rte k\u00f6z\u00f6sen tenni.<br>Ha te is l\u00e1tod a k\u00f6rnyezeted sz\u00e9ps\u00e9g\u00e9t, van benned lend\u00fclet, \u00f6tlet, sz\u00e1nd\u00e9k, hogy jobb\u00e1 tegy\u00fck,<br>itt a helyed.<\/p>\n\n\n\n<p class=\"has-text-align-center\">Csatlakozz. Alak\u00edtsuk egy\u00fctt Kraszn\u00e1t \u2013 \u00e9s nemcsak.<\/p>\n\n\n\n<h2 class=\"wp-block-heading has-text-align-center has-medium-font-size\" style=\"letter-spacing:1px\">KRASZNAI CIVILEK KRASZN\u00c1\u00c9RT, <\/h2>\n\n\n\n<h2 class=\"wp-block-heading has-text-align-center has-medium-font-size\" style=\"letter-spacing:1px\">\u00c9S NEMCSAK<\/h2>\n\n\n\n<p class=\"has-text-align-center\">C\u00e9lunk a Kraszna-medence \u00e1ltal ny\u00fajtott term\u00e9szeti saj\u00e1toss\u00e1gokra alapozva megtervezz\u00fck \u00e9s ki\u00e9p\u00edts\u00fck a r\u00e9gi\u00f3 turisztikai arculat\u00e1t.<br>C\u00e9lunkat els\u0151sorban turisztikai infrastrukt\u00fara fejleszt\u00e9ssel, valamint turisztikai, kultur\u00e1lis \u00e9s sport rendezv\u00e9nyek szervez\u00e9s\u00e9vel \u00e9rj\u00fck el.<br>Platformot biztos\u00edtunk olyan emberek sz\u00e1m\u00e1ra, akik rendelkeznek v\u00edzi\u00f3val \u00e9s annak el\u00e9r\u00e9s\u00e9\u00e9rt hajland\u00f3ak tenni. K\u00f6z\u00f6s gondolkod\u00e1sra megfelel\u0151 fel\u00fcletet ny\u00fajtunk mindazok sz\u00e1m\u00e1ra, akiknek fontos az egyes\u00fclet c\u00e9lkit\u0171z\u00e9se. A rendelkez\u00e9s\u00fcnkre \u00e1ll\u00f3 eszk\u00f6z\u00f6kkel t\u00e1mogatjuk azokat a tev\u00e9kenys\u00e9geket, amelyek ezen c\u00e9lok el\u00e9r\u00e9s\u00e9t seg\u00edtik.<\/p>\n<\/div>\n\n\n\n<div class=\"wp-block-group alignfull pattern_multiple_covers has-background has-global-padding is-layout-constrained wp-block-group-is-layout-constrained\" id=\"services\" style=\"background-color:#f8f8f8\">\n<div style=\"height:84px\" aria-hidden=\"true\" class=\"wp-block-spacer\"><\/div>\n\n\n\n<p class=\"has-text-align-left has-secondary-color has-text-color\" style=\"letter-spacing:1px\">DOLGOZZUNK EGY\u00dcTT!<\/p>\n\n\n\n<h2 class=\"wp-block-heading has-text-align-left\">Fedezd fel a k\u00f6r\u00fcl\u00f6tted l\u00e9v\u0151 vil\u00e1got!<\/h2>\n\n\n\n<p class=\"has-text-align-left\">A Silvafun c\u00e9lja felh\u00edvni az emberek figyelm\u00e9t a term\u00e9szetk\u00f6zeli \u00e9letm\u00f3d \u00e9s a saj\u00e1t k\u00f6rnyezet\u00fcnk \u00e9rt\u00e9keinek fontoss\u00e1g\u00e1ra. Hajlamosak vagyunk elmenni a saj\u00e1t term\u00e9szeti kincseink mellett, elvesz\u00fcnk a vil\u00e1gi rohan\u00e1sban \u00e9s elfelejt\u00fcnk meg\u00e1llni, k\u00f6rbepillantani \u00e9s felt\u00f6lt\u0151dni abb\u00f3l, amit a term\u00e9szet adott nek\u00fcnk. A Silvafun csapata v\u00e1ltozatos programokkal, \u00e9rdekes \u00e9s \u00e9rt\u00e9kes inform\u00e1ci\u00f3csomagokkal igyekszik megold\u00e1st ny\u00fajtani a maga fiatalos, spont\u00e1n \u00e9s alaposan \u00e1tgondolt \u00f6tleteivel.<\/p>\n\n\n\n<div style=\"height:46px\" aria-hidden=\"true\" class=\"wp-block-spacer\"><\/div>\n\n\n\n<div class=\"wp-block-columns is-layout-flex wp-container-core-columns-is-layout-28f84493 wp-block-columns-is-layout-flex\">\n<div class=\"wp-block-column is-layout-flow wp-block-column-is-layout-flow\" style=\"padding-top:0;padding-right:0;padding-bottom:0;padding-left:0\"><\/div>\n\n\n\n<div class=\"wp-block-column is-layout-flow wp-block-column-is-layout-flow\" style=\"padding-top:0;padding-right:0;padding-bottom:0;padding-left:0\">\n<figure class=\"wp-block-gallery has-nested-images columns-default is-cropped wp-block-gallery-2 is-layout-flex wp-block-gallery-is-layout-flex\">\n<figure class=\"wp-block-image size-large has-custom-border dark-image wp-duotone-6c6c77-000-1\"><img loading=\"lazy\" decoding=\"async\" width=\"604\" height=\"780\" data-id=\"93\" src=\"https:\/\/silvafun.ro\/wp-content\/uploads\/2024\/02\/logo-silvafun-vertical-black@2x.png\" alt=\"\" class=\"wp-image-93\" style=\"border-radius:0px\" srcset=\"https:\/\/silvafun.ro\/wp-content\/uploads\/2024\/02\/logo-silvafun-vertical-black@2x.png 604w, https:\/\/silvafun.ro\/wp-content\/uploads\/2024\/02\/logo-silvafun-vertical-black@2x-232x300.png 232w, https:\/\/silvafun.ro\/wp-content\/uploads\/2024\/02\/logo-silvafun-vertical-black@2x-9x12.png 9w\" sizes=\"auto, (max-width: 604px) 100vw, 604px\" \/><\/figure>\n<\/figure>\n<\/div>\n\n\n\n<div class=\"wp-block-column is-layout-flow wp-block-column-is-layout-flow\" style=\"padding-top:0;padding-right:0;padding-bottom:0;padding-left:0\"><\/div>\n<\/div>\n\n\n\n<div style=\"height:103px\" aria-hidden=\"true\" class=\"wp-block-spacer\"><\/div>\n<\/div>\n\n\n\n<div class=\"wp-block-cover alignfull has-parallax is-position-center-center\" style=\"border-radius:0px\"><div class=\"wp-block-cover__image-background wp-image-24 has-parallax\" style=\"background-position:50% 50%;background-image:url(https:\/\/silvafun.ro\/wp-content\/themes\/inspiro\/assets\/images\/StockSnap_89BQZ89TLH.jpg)\"><\/div><span aria-hidden=\"true\" class=\"wp-block-cover__background has-black-background-color has-background-dim-40 has-background-dim\"><\/span><div class=\"wp-block-cover__inner-container is-layout-flow wp-block-cover-is-layout-flow\">\n<div class=\"wp-block-group has-global-padding is-layout-constrained wp-block-group-is-layout-constrained\">\n<h3 class=\"wp-block-heading has-text-align-center has-text-color has-medium-font-size\" style=\"color:#fffffa;text-transform:uppercase\">A legalkalmasabb id\u0151pont egy fa \u00fcltet\u00e9s\u00e9re h\u00fasz \u00e9vvel ezel\u0151tt volt. <\/h3>\n\n\n\n<h3 class=\"wp-block-heading has-text-align-center has-text-color has-medium-font-size\" style=\"color:#fffffa;text-transform:uppercase\">A m\u00e1sodik legalkalmasabb id\u0151pont most van.<\/h3>\n\n\n\n<div style=\"height:31px\" aria-hidden=\"true\" class=\"wp-block-spacer\"><\/div>\n<\/div>\n<\/div><\/div>\n\n\n\n<div class=\"wp-block-group alignfull has-global-padding is-layout-constrained wp-block-group-is-layout-constrained\">\n<div class=\"wp-block-group has-global-padding is-layout-constrained wp-block-group-is-layout-constrained\" style=\"padding-top:var(--wp--preset--spacing--small);padding-bottom:var(--wp--preset--spacing--small)\">\n<h1 class=\"wp-block-heading has-text-align-center\"><strong>FOLYAMATBAN L\u00c9V\u0150 PROJEKTJEINK<\/strong><\/h1>\n\n\n\n<div style=\"height:30px\" aria-hidden=\"true\" class=\"wp-block-spacer\"><\/div>\n\n\n\n<div class=\"wp-block-columns is-layout-flex wp-container-core-columns-is-layout-c375d253 wp-block-columns-is-layout-flex\">\n<div class=\"wp-block-column is-vertically-aligned-center is-layout-flow wp-block-column-is-layout-flow\">\n<h2 class=\"wp-block-heading has-medium-font-size\" style=\"text-transform:uppercase\">alapfok\u00fa gombaismereti tanfolyam &#8211; kraszna<\/h2>\n\n\n\n<div class=\"wp-block-buttons is-horizontal is-content-justification-left is-layout-flex wp-container-core-buttons-is-layout-20be11b6 wp-block-buttons-is-layout-flex\"><\/div>\n\n\n\n<p class=\"has-text-align-left\">A Silvafun partners\u00e9gben a Conservation Funghi egyes\u00fclettel alapfok\u00fa     gombaismereti tanfolyamot szervez.<br>A tanfolyam hat alkalomb\u00f3l \u00e1ll\u00f3 online kurzus majd egy egy hetes terepgyakorlatb\u00f3l fog \u00e1llni.<br>A gyakorlati r\u00e9sz a Kraszna k\u00f6rny\u00e9k\u00e9n l\u00e9v\u0151 erd\u0151kben lesz megtartva.<\/p>\n\n\n\n<p class=\"has-text-align-left\">Az online k\u00e9pz\u00e9s \u00c1PRILIS 6-\u00e1n ind\u00fal, majd ezt k\u00f6vet\u0151en lesz a terepgyakorlat majd a vizsga.<\/p>\n<\/div>\n\n\n\n<div class=\"wp-block-column is-layout-flow wp-block-column-is-layout-flow\">\n<figure class=\"wp-block-image size-large is-resized\"><img loading=\"lazy\" decoding=\"async\" width=\"732\" height=\"1024\" src=\"https:\/\/silvafun.ro\/wp-content\/uploads\/2024\/02\/WhatsApp-Image-2024-02-08-at-23.07.08-732x1024.jpeg\" alt=\"\" class=\"wp-image-112\" style=\"width:417px;height:auto\" srcset=\"https:\/\/silvafun.ro\/wp-content\/uploads\/2024\/02\/WhatsApp-Image-2024-02-08-at-23.07.08-732x1024.jpeg 732w, https:\/\/silvafun.ro\/wp-content\/uploads\/2024\/02\/WhatsApp-Image-2024-02-08-at-23.07.08-214x300.jpeg 214w, https:\/\/silvafun.ro\/wp-content\/uploads\/2024\/02\/WhatsApp-Image-2024-02-08-at-23.07.08-9x12.jpeg 9w, https:\/\/silvafun.ro\/wp-content\/uploads\/2024\/02\/WhatsApp-Image-2024-02-08-at-23.07.08.jpeg 1463w\" sizes=\"auto, (max-width: 732px) 100vw, 732px\" \/><\/figure>\n<\/div>\n<\/div>\n\n\n\n<div style=\"height:30px\" aria-hidden=\"true\" class=\"wp-block-spacer\"><\/div>\n<\/div>\n<\/div>\n\n\n\n<div class=\"wp-block-group alignfull has-global-padding is-layout-constrained wp-block-group-is-layout-constrained\">\n<div class=\"wp-block-group has-global-padding is-layout-constrained wp-block-group-is-layout-constrained\" style=\"padding-top:var(--wp--preset--spacing--small);padding-bottom:var(--wp--preset--spacing--small)\">\n<div style=\"height:30px\" aria-hidden=\"true\" class=\"wp-block-spacer\"><\/div>\n\n\n\n<div class=\"wp-block-columns is-layout-flex wp-container-core-columns-is-layout-c375d253 wp-block-columns-is-layout-flex\">\n<div class=\"wp-block-column is-vertically-aligned-center is-layout-flow wp-block-column-is-layout-flow\">\n<h2 class=\"wp-block-heading has-medium-font-size\" style=\"text-transform:uppercase\">t\u00farautvonalak ki\u00e9p\u00edt\u00e9se kraszn\u00e1n<\/h2>\n\n\n\n<div class=\"wp-block-buttons is-horizontal is-content-justification-left is-layout-flex wp-container-core-buttons-is-layout-20be11b6 wp-block-buttons-is-layout-flex\"><\/div>\n\n\n\n<p>Partners\u00e9gben a Kraszna k\u00f6zs\u00e9g \u00f6nkorm\u00e1nyzat\u00e1val, a T\u00e1lto\u0219 lovard\u00e1val valamit a Krasznai Ifj\u00fas\u00e1gi Tan\u00e1ccsal gyalogt\u00far\u00e1ra, biciklit\u00far\u00e1ra valamit lovas t\u00far\u00e1ra megfelel\u0151 \u00fatvonal ki\u00e9p\u00edt\u00e9s\u00e9t szeretn\u00e9nk megval\u00f3s\u00edtani.<br>C\u00e9lunk, hogy az \u00e1ltalunk kigondolt t\u00fara\u00fatvonalak \u00e1tfog\u00f3 k\u00e9pet ny\u00fajtsanak Kraszna csod\u00e1s term\u00e9szeti \u00e9s kultur\u00e1lis adats\u00e1gair\u00f3l.<\/p>\n<\/div>\n\n\n\n<div class=\"wp-block-column is-layout-flow wp-block-column-is-layout-flow\">\n<figure class=\"wp-block-image size-large is-resized\"><img loading=\"lazy\" decoding=\"async\" width=\"1024\" height=\"1024\" src=\"https:\/\/silvafun.ro\/wp-content\/uploads\/2024\/02\/WhatsApp-Image-2024-02-08-at-23.34.07-1024x1024.jpeg\" alt=\"\" class=\"wp-image-115\" style=\"width:549px;height:auto\" srcset=\"https:\/\/silvafun.ro\/wp-content\/uploads\/2024\/02\/WhatsApp-Image-2024-02-08-at-23.34.07-1024x1024.jpeg 1024w, https:\/\/silvafun.ro\/wp-content\/uploads\/2024\/02\/WhatsApp-Image-2024-02-08-at-23.34.07-300x300.jpeg 300w, https:\/\/silvafun.ro\/wp-content\/uploads\/2024\/02\/WhatsApp-Image-2024-02-08-at-23.34.07-150x150.jpeg 150w, https:\/\/silvafun.ro\/wp-content\/uploads\/2024\/02\/WhatsApp-Image-2024-02-08-at-23.34.07-2000x2000.jpeg 2000w, https:\/\/silvafun.ro\/wp-content\/uploads\/2024\/02\/WhatsApp-Image-2024-02-08-at-23.34.07-12x12.jpeg 12w, https:\/\/silvafun.ro\/wp-content\/uploads\/2024\/02\/WhatsApp-Image-2024-02-08-at-23.34.07.jpeg 2048w\" sizes=\"auto, (max-width: 1024px) 100vw, 1024px\" \/><\/figure>\n<\/div>\n<\/div>\n\n\n\n<div style=\"height:30px\" aria-hidden=\"true\" class=\"wp-block-spacer\"><\/div>\n<\/div>\n<\/div>\n\n\n\n<div class=\"wp-block-group alignfull portfolio-dark has-black-background-color has-background has-global-padding is-layout-constrained wp-block-group-is-layout-constrained\" id=\"portfolio\" style=\"margin-top:0px\">\n<div style=\"height:122px\" aria-hidden=\"true\" class=\"wp-block-spacer\"><\/div>\n\n\n\n<p class=\"has-text-align-left has-text-color\" style=\"color:#0bb4aa;letter-spacing:1px\">TERVEZZ \u00c9S CSELEKEDJ<\/p>\n\n\n\n<h2 class=\"wp-block-heading has-text-align-left has-white-color has-text-color has-large-font-size\">GONDOLKOZZ GLOB\u00c1LISAN, T\u00c9GY LOK\u00c1LISAN!<\/h2>\n\n\n\n<div style=\"height:44px\" aria-hidden=\"true\" class=\"wp-block-spacer\"><\/div>\n\n\n\n<div style=\"height:50px\" aria-hidden=\"true\" class=\"wp-block-spacer\"><\/div>\n<\/div>\n\n\n\n<div class=\"wp-block-group alignfull has-background has-global-padding is-layout-constrained wp-block-group-is-layout-constrained\" style=\"background-color:#f8f8f8\">\n<div class=\"wp-block-group has-global-padding is-layout-constrained wp-block-group-is-layout-constrained\" style=\"padding-top:var(--wp--preset--spacing--small);padding-bottom:var(--wp--preset--spacing--small)\">\n<div style=\"height:30px\" aria-hidden=\"true\" class=\"wp-block-spacer\"><\/div>\n\n\n\n<h1 class=\"wp-block-heading\"><strong>ESEM\u00c9NYEINK<\/strong><\/h1>\n\n\n\n<div class=\"wp-block-columns are-vertically-aligned-center is-layout-flex wp-container-core-columns-is-layout-c375d253 wp-block-columns-is-layout-flex\">\n<div class=\"wp-block-column is-vertically-aligned-center is-layout-flow wp-block-column-is-layout-flow\">\n<figure class=\"wp-block-image size-large\"><img loading=\"lazy\" decoding=\"async\" width=\"1024\" height=\"690\" src=\"https:\/\/silvafun.ro\/wp-content\/uploads\/2024\/02\/WhatsApp-Image-2024-02-09-at-00.02.17-1024x690.jpeg\" alt=\"\" class=\"wp-image-124\" srcset=\"https:\/\/silvafun.ro\/wp-content\/uploads\/2024\/02\/WhatsApp-Image-2024-02-09-at-00.02.17-1024x690.jpeg 1024w, https:\/\/silvafun.ro\/wp-content\/uploads\/2024\/02\/WhatsApp-Image-2024-02-09-at-00.02.17-300x202.jpeg 300w, https:\/\/silvafun.ro\/wp-content\/uploads\/2024\/02\/WhatsApp-Image-2024-02-09-at-00.02.17-18x12.jpeg 18w, https:\/\/silvafun.ro\/wp-content\/uploads\/2024\/02\/WhatsApp-Image-2024-02-09-at-00.02.17.jpeg 1799w\" sizes=\"auto, (max-width: 1024px) 100vw, 1024px\" \/><\/figure>\n<\/div>\n\n\n\n<div class=\"wp-block-column is-vertically-aligned-center is-layout-flow wp-block-column-is-layout-flow\">\n<h2 class=\"wp-block-heading has-medium-font-size\" style=\"text-transform:uppercase\">RUN TO THE HILLS<\/h2>\n\n\n\n<p>&#8222;Harmadik alkalommal szervezik meg a Run to the Hills fut\u00f3versenyt Kraszn\u00e1n. Ez\u00fattal a szeptember 3-i Szilvafesztiv\u00e1l keret\u00e9ben ker\u00fcl sor a sportrendezv\u00e9nyre.&#8221; <\/p>\n\n\n\n<p><\/p>\n\n\n\n<div class=\"wp-block-buttons is-layout-flex wp-block-buttons-is-layout-flex\">\n<div class=\"wp-block-button is-style-outline is-style-outline--3\"><a class=\"wp-block-button__link wp-element-button\" href=\"https:\/\/maszol.ro\/belfold\/Kraszna-ismet-lesz-Run-to-the-Hills-futoverseny\" style=\"border-radius:0px\">Maszol.ro<\/a><\/div>\n<\/div>\n<\/div>\n<\/div>\n\n\n\n<div style=\"height:30px\" aria-hidden=\"true\" class=\"wp-block-spacer\"><\/div>\n<\/div>\n<\/div>\n\n\n\n<div id=\"partners\" class=\"wp-block-group has-global-padding is-content-justification-center is-layout-constrained wp-container-core-group-is-layout-dc06fb1d wp-block-group-is-layout-constrained\">\n<div style=\"height:80px\" aria-hidden=\"true\" class=\"wp-block-spacer\"><\/div>\n\n\n\n<div class=\"wp-block-group has-global-padding is-content-justification-left is-layout-constrained wp-container-core-group-is-layout-5d29898d wp-block-group-is-layout-constrained\" style=\"padding-top:0px;padding-right:0;padding-bottom:var(--wp--preset--spacing--small);padding-left:0\">\n<div class=\"wp-block-columns is-layout-flex wp-container-core-columns-is-layout-28f84493 wp-block-columns-is-layout-flex\">\n<div class=\"wp-block-column is-layout-flow wp-block-column-is-layout-flow\" style=\"flex-basis:60%\">\n<div style=\"height:20px\" aria-hidden=\"true\" class=\"wp-block-spacer\"><\/div>\n\n\n\n<p class=\"has-secondary-color has-text-color\">SEG\u00cdTJ\u00dcK EGYM\u00c1ST<\/p>\n\n\n\n<h2 class=\"wp-block-heading has-text-align-left\">Partnerek<\/h2>\n\n\n\n<div style=\"height:20px\" aria-hidden=\"true\" class=\"wp-block-spacer\"><\/div>\n\n\n\n<p class=\"has-text-align-left has-tertiary-color has-text-color\">Szervezetek amelyekkel k\u00f6lcs\u00f6n\u00f6sen seg\u00edtj\u00fck egym\u00e1s munk\u00e1j\u00e1t.<\/p>\n<\/div>\n\n\n\n<div class=\"wp-block-column is-layout-flow wp-block-column-is-layout-flow\" style=\"flex-basis:40%\"><\/div>\n<\/div>\n<\/div>\n\n\n\n<div class=\"wp-block-group has-global-padding is-layout-constrained wp-block-group-is-layout-constrained\">\n<div class=\"wp-block-columns are-vertically-aligned-center is-layout-flex wp-container-core-columns-is-layout-28f84493 wp-block-columns-is-layout-flex\">\n<div class=\"wp-block-column is-vertically-aligned-center is-layout-flow wp-block-column-is-layout-flow\" style=\"flex-basis:20%\">\n<figure class=\"wp-block-image size-large\"><img loading=\"lazy\" decoding=\"async\" width=\"1024\" height=\"1024\" src=\"https:\/\/silvafun.ro\/wp-content\/uploads\/2024\/02\/WhatsApp-Image-2024-02-08-at-22.46.45-1-1024x1024.jpeg\" alt=\"\" class=\"wp-image-106\" srcset=\"https:\/\/silvafun.ro\/wp-content\/uploads\/2024\/02\/WhatsApp-Image-2024-02-08-at-22.46.45-1-1024x1024.jpeg 1024w, https:\/\/silvafun.ro\/wp-content\/uploads\/2024\/02\/WhatsApp-Image-2024-02-08-at-22.46.45-1-300x300.jpeg 300w, https:\/\/silvafun.ro\/wp-content\/uploads\/2024\/02\/WhatsApp-Image-2024-02-08-at-22.46.45-1-150x150.jpeg 150w, https:\/\/silvafun.ro\/wp-content\/uploads\/2024\/02\/WhatsApp-Image-2024-02-08-at-22.46.45-1-12x12.jpeg 12w, https:\/\/silvafun.ro\/wp-content\/uploads\/2024\/02\/WhatsApp-Image-2024-02-08-at-22.46.45-1.jpeg 1578w\" sizes=\"auto, (max-width: 1024px) 100vw, 1024px\" \/><\/figure>\n<\/div>\n\n\n\n<div class=\"wp-block-column is-vertically-aligned-center is-layout-flow wp-block-column-is-layout-flow\" style=\"flex-basis:20%\">\n<figure class=\"wp-block-image size-full\"><img loading=\"lazy\" decoding=\"async\" width=\"959\" height=\"959\" src=\"https:\/\/silvafun.ro\/wp-content\/uploads\/2024\/02\/WhatsApp-Image-2024-02-08-at-22.47.22-1.jpeg\" alt=\"\" class=\"wp-image-107\" srcset=\"https:\/\/silvafun.ro\/wp-content\/uploads\/2024\/02\/WhatsApp-Image-2024-02-08-at-22.47.22-1.jpeg 959w, https:\/\/silvafun.ro\/wp-content\/uploads\/2024\/02\/WhatsApp-Image-2024-02-08-at-22.47.22-1-300x300.jpeg 300w, https:\/\/silvafun.ro\/wp-content\/uploads\/2024\/02\/WhatsApp-Image-2024-02-08-at-22.47.22-1-150x150.jpeg 150w, https:\/\/silvafun.ro\/wp-content\/uploads\/2024\/02\/WhatsApp-Image-2024-02-08-at-22.47.22-1-12x12.jpeg 12w\" sizes=\"auto, (max-width: 959px) 100vw, 959px\" \/><\/figure>\n<\/div>\n\n\n\n<div class=\"wp-block-column is-vertically-aligned-center is-layout-flow wp-block-column-is-layout-flow\" style=\"flex-basis:20%\"><\/div>\n\n\n\n<div class=\"wp-block-column is-vertically-aligned-center is-layout-flow wp-block-column-is-layout-flow\" style=\"flex-basis:20%\"><\/div>\n\n\n\n<div class=\"wp-block-column is-vertically-aligned-center is-layout-flow wp-block-column-is-layout-flow\" style=\"flex-basis:20%\"><\/div>\n<\/div>\n<\/div>\n\n\n\n<div style=\"height:100px\" aria-hidden=\"true\" class=\"wp-block-spacer\"><\/div>\n<\/div>","protected":false},"excerpt":{"rendered":"<p>TAGFELV\u00c9TEL Csatlakozn\u00e1l hozz\u00e1nk? T\u00f6ltsd ki az al\u00e1bbi \u0171rlapot!A Silvafun nem csak egy egyes\u00fclet \u2013 hanem egy k\u00f6z\u00f6ss\u00e9g, amely hisz abban, hogy a Kraszna-medence \u00e9rt\u00e9k, \u00e9s \u00e9rdemes \u00e9rte k\u00f6z\u00f6sen tenni.Ha te is l\u00e1tod a k\u00f6rnyezeted sz\u00e9ps\u00e9g\u00e9t, van benned lend\u00fclet, \u00f6tlet, sz\u00e1nd\u00e9k, hogy jobb\u00e1 tegy\u00fck,itt a helyed. Csatlakozz. Alak\u00edtsuk egy\u00fctt Kraszn\u00e1t \u2013 \u00e9s nemcsak. KRASZNAI CIVILEK KRASZN\u00c1\u00c9RT, &hellip; <\/p>\n<p class=\"link-more\"><a href=\"https:\/\/silvafun.ro\/ro\/\" class=\"more-link\">Cite\u0219te mai multe<span class=\"screen-reader-text\">\u201eSilvafun\u201d<\/span><\/a><\/p>","protected":false},"author":1,"featured_media":0,"parent":0,"menu_order":0,"comment_status":"closed","ping_status":"closed","template":"page-templates\/homepage-no-hero.php","meta":{"footnotes":""},"class_list":["post-16","page","type-page","status-publish","hentry"],"featured_media_urls":[],"_links":{"self":[{"href":"https:\/\/silvafun.ro\/ro\/wp-json\/wp\/v2\/pages\/16","targetHints":{"allow":["GET"]}}],"collection":[{"href":"https:\/\/silvafun.ro\/ro\/wp-json\/wp\/v2\/pages"}],"about":[{"href":"https:\/\/silvafun.ro\/ro\/wp-json\/wp\/v2\/types\/page"}],"author":[{"embeddable":true,"href":"https:\/\/silvafun.ro\/ro\/wp-json\/wp\/v2\/users\/1"}],"replies":[{"embeddable":true,"href":"https:\/\/silvafun.ro\/ro\/wp-json\/wp\/v2\/comments?post=16"}],"version-history":[{"count":0,"href":"https:\/\/silvafun.ro\/ro\/wp-json\/wp\/v2\/pages\/16\/revisions"}],"wp:attachment":[{"href":"https:\/\/silvafun.ro\/ro\/wp-json\/wp\/v2\/media?parent=16"}],"curies":[{"name":"wp","href":"https:\/\/api.w.org\/{rel}","templated":true}]}}